{"id":112,"date":"2019-06-26T09:29:07","date_gmt":"2019-06-26T09:29:07","guid":{"rendered":"https:\/\/demosktthemes.com\/completefree\/?page_id=29"},"modified":"2022-10-20T11:22:47","modified_gmt":"2022-10-20T11:22:47","slug":"home","status":"publish","type":"page","link":"https:\/\/www.lasourcedesartistes.fr\/","title":{"rendered":"La Source Des Artistes"},"content":{"rendered":"\n<p>Au c\u0153ur de l&rsquo;ancienne usine d&#8217;embouteillage d&rsquo;eau de Saint-Martial, \u00e0 l\u2019extr\u00e9mit\u00e9 nord de Saint-Martin-le-Redon, la Source des Artistes est un lieu d\u00e9di\u00e9 \u00e0 la cr\u00e9ation artistique et artisanale, imagin\u00e9 et port\u00e9 par Victor Melis, tailleur de pierre et staffeur depuis pr\u00e8s de<br>vingt ans.<\/p>\n\n\n\n<p><br>Sur 3000m2, le centre accueillera d\u00e8s 2023 plus d&rsquo;une dizaine d&rsquo;artistes et artisans en mettant \u00e0 leur disposition des ateliers de 30 \u00e0 90m2 chacun, un espace de stockage s\u00e9curis\u00e9, un r\u00e9fectoire, un vestiaire et une salle de r\u00e9union flambant neufs.<\/p>\n\n\n\n<p><br>Plusieurs appartements seront \u00e9galement mis en location, et une immense salle<br>sera d\u00e9di\u00e9e \u00e0 l&rsquo;\u00e9v\u00e9nementiel culturel (expositions, concerts, performances\u2026) sur une surface de pr\u00e8s de 600m2.<\/p>\n\n\n\n<p><br>Le projet a re\u00e7u le soutien de l&rsquo;Etat par le biais du Fonds Friche \u00ab France Relance \u00bb, et b\u00e9n\u00e9ficie de l&rsquo;accompagnement de la r\u00e9gion Occitanie, du d\u00e9partement du Lot, de la CCVLV et de la mairie de Saint-Martin-le-Redon.<\/p>\n\n\n\n<p><\/p>\n\n\n\n<p><\/p>\n\n\n\n<figure class=\"wp-block-image\"><img loading=\"lazy\" decoding=\"async\" width=\"657\" height=\"454\" src=\"https:\/\/www.lasourcedesartistes.fr\/wp-content\/uploads\/2019\/11\/carte.png\" alt=\"\" class=\"wp-image-148\" srcset=\"https:\/\/www.lasourcedesartistes.fr\/wp-content\/uploads\/2019\/11\/carte.png 657w, https:\/\/www.lasourcedesartistes.fr\/wp-content\/uploads\/2019\/11\/carte-300x207.png 300w\" sizes=\"(max-width: 657px) 100vw, 657px\" \/><\/figure>\n","protected":false},"excerpt":{"rendered":"<p>Au c\u0153ur de l&rsquo;ancienne usine d&#8217;embouteillage d&rsquo;eau de Saint-Martial, \u00e0 l\u2019extr\u00e9mit\u00e9 nord de Saint-Martin-le-Redon, la Source des Artistes est un lieu d\u00e9di\u00e9 \u00e0 la cr\u00e9ation artistique et artisanale, imagin\u00e9 et port\u00e9 par Victor Melis, tailleur de pierre et staffeur depuis pr\u00e8s devingt ans. Sur 3000m2, le centre accueillera d\u00e8s 2023 plus d&rsquo;une dizaine d&rsquo;artistes et &hellip; <\/p>\n<p class=\"link-more\"><a href=\"https:\/\/www.lasourcedesartistes.fr\/\" class=\"more-link\">Continuer la lecture<span class=\"screen-reader-text\"> de &laquo;&nbsp;La Source Des Artistes&nbsp;&raquo;<\/span><\/a><\/p>\n","protected":false},"author":1,"featured_media":0,"parent":0,"menu_order":0,"comment_status":"closed","ping_status":"closed","template":"","meta":{"footnotes":""},"_links":{"self":[{"href":"https:\/\/www.lasourcedesartistes.fr\/index.php?rest_route=\/wp\/v2\/pages\/112"}],"collection":[{"href":"https:\/\/www.lasourcedesartistes.fr\/index.php?rest_route=\/wp\/v2\/pages"}],"about":[{"href":"https:\/\/www.lasourcedesartistes.fr\/index.php?rest_route=\/wp\/v2\/types\/page"}],"author":[{"embeddable":true,"href":"https:\/\/www.lasourcedesartistes.fr\/index.php?rest_route=\/wp\/v2\/users\/1"}],"replies":[{"embeddable":true,"href":"https:\/\/www.lasourcedesartistes.fr\/index.php?rest_route=%2Fwp%2Fv2%2Fcomments&post=112"}],"version-history":[{"count":8,"href":"https:\/\/www.lasourcedesartistes.fr\/index.php?rest_route=\/wp\/v2\/pages\/112\/revisions"}],"predecessor-version":[{"id":165,"href":"https:\/\/www.lasourcedesartistes.fr\/index.php?rest_route=\/wp\/v2\/pages\/112\/revisions\/165"}],"wp:attachment":[{"href":"https:\/\/www.lasourcedesartistes.fr\/index.php?rest_route=%2Fwp%2Fv2%2Fmedia&parent=112"}],"curies":[{"name":"wp","href":"https:\/\/api.w.org\/{rel}","templated":true}]}}